{"id":586,"date":"2021-04-07T13:11:26","date_gmt":"2021-04-07T11:11:26","guid":{"rendered":"https:\/\/www.astera-glass.cz\/?page_id=586"},"modified":"2025-09-29T14:57:43","modified_gmt":"2025-09-29T12:57:43","slug":"kontakt","status":"publish","type":"page","link":"https:\/\/www.astera-glass.cz\/en\/kontakt\/","title":{"rendered":"Contact"},"content":{"rendered":"<div class=\"row\"  id=\"row-1321511019\">\n\n\t<div id=\"col-994493685\" class=\"col medium-4 small-12 large-4\"  >\n\t\t<div class=\"col-inner\"  >\n\t\t\t\n\t\t\t\n<h1><strong>ASTERA s.r.o.<\/strong><\/h1>\n<p>Smetanova 548<br \/>473&nbsp;01 Nov\u00fd Bor<br \/>Czech Republic<br \/><a href=\"mailto:info@astera-glass.cz\">info@astera-glass.cz<\/a><\/p>\n<p><a href=\"https:\/\/www.facebook.com\/glassaster\">https:\/\/www.facebook.com\/glassaster<\/a><\/p>\n<p><strong>Workshopy \/ galerie:<\/strong> <br \/>It is open daily from 8 a.m. to 3:30 p.m.<\/p>\n<div class=\"row row-collapse\"  id=\"row-1464905442\">\n\n\t<div id=\"col-2103282639\" class=\"col medium-6 small-12 large-6\"  >\n\t\t<div class=\"col-inner\"  >\n\t\t\t\n\t\t\t\n\t<div class=\"img has-hover x md-x lg-x y md-y lg-y\" id=\"image_1122613628\">\n\t\t\t\t\t\t\t\t<div class=\"img-inner dark\" >\n\t\t\t<img width=\"90\" height=\"28\" src=\"https:\/\/www.astera-glass.cz\/wp-content\/uploads\/logo-mapy.jpg\" class=\"attachment-large size-large\" alt=\"\" loading=\"lazy\" \/>\t\t\t\t\t\t\n\t\t\t\t\t<\/div>\n\t\t\t\t\t\t\t\t\n<style>\n#image_1122613628 {\n  width: 60%;\n}\n<\/style>\n\t<\/div>\n\t\n\t\t<\/div>\n\t\t\t<\/div>\n\n\t\n\n\t<div id=\"col-166915663\" class=\"col medium-6 small-12 large-6\"  >\n\t\t<div class=\"col-inner\"  >\n\t\t\t\n\t\t\t\n\t<div class=\"img has-hover x md-x lg-x y md-y lg-y\" id=\"image_1485474639\">\n\t\t\t\t\t\t\t\t<div class=\"img-inner dark\" >\n\t\t\t<img width=\"90\" height=\"31\" src=\"https:\/\/www.astera-glass.cz\/wp-content\/uploads\/google.jpg\" class=\"attachment-large size-large\" alt=\"\" loading=\"lazy\" \/>\t\t\t\t\t\t\n\t\t\t\t\t<\/div>\n\t\t\t\t\t\t\t\t\n<style>\n#image_1485474639 {\n  width: 60%;\n}\n<\/style>\n\t<\/div>\n\t\n\t\t<\/div>\n\t\t\t<\/div>\n\n\t\n\n\t<div id=\"col-945204775\" class=\"col small-12 large-12\"  >\n\t\t<div class=\"col-inner\"  >\n\t\t\t\n\t\t\t\n<p><strong>GPS:<\/strong> 50\u00b045&#8217;27.645&#8243;N, 14\u00b033&#8217;3.820&#8243;E<\/p>\n\t\t<\/div>\n\t\t\t<\/div>\n\n\t\n<\/div>\n\t\t<\/div>\n\t\t\t<\/div>\n\n\t\n\n\t<div id=\"col-1601325115\" class=\"col medium-8 small-12 large-8\"  >\n\t\t<div class=\"col-inner\"  >\n\t\t\t\n\t\t\t\n<div class=\"row row-small\"  id=\"row-79977789\">\n\n\t<div id=\"col-725517848\" class=\"col medium-4 small-12 large-4\"  >\n\t\t<div class=\"col-inner\"  >\n\t\t\t\n\t\t\t\n\t<div id=\"text-1102518007\" class=\"text\">\n\t\t\n<h3><strong>Vlasta \u017d\u00edlov\u00e1<\/strong><\/h3>\n<p>executive<\/p>\n<p class=\"big\">+420&nbsp;603&nbsp;218&nbsp;855<br \/>+420&nbsp;603&nbsp;242&nbsp;017<br \/><a href=\"mailto:info@astera-glass.cz\">info@astera-glass.cz<\/a><\/p>\n\t\t\n<style>\n#text-1102518007 {\n  font-size: 1rem;\n  text-align: center;\n}\n<\/style>\n\t<\/div>\n\t\n\t\t<\/div>\n\t\t\t<\/div>\n\n\t\n\n\t<div id=\"col-93977337\" class=\"col medium-4 small-12 large-4\"  >\n\t\t<div class=\"col-inner\"  >\n\t\t\t\n\t\t\t\n\t<div id=\"text-2973328807\" class=\"text\">\n\t\t\n\t\t\n<style>\n#text-2973328807 {\n  font-size: 1rem;\n  text-align: center;\n}\n<\/style>\n\t<\/div>\n\t\n\t\t<\/div>\n\t\t\t<\/div>\n\n\t\n\n\t<div id=\"col-850014847\" class=\"col medium-4 small-12 large-4\"  >\n\t\t<div class=\"col-inner\"  >\n\t\t\t\n\t\t\t\n\t\t<\/div>\n\t\t\t<\/div>\n\n\t\n<\/div>\n\t\t<\/div>\n\t\t\t<\/div>\n\n\t\n<\/div>\n\n\n  \n    <div class=\"row large-columns-4 medium-columns-3 small-columns-2 row-small\">\n          <div class=\"gallery-col col\" >\n          <div class=\"col-inner\">\n            <a class=\"image-lightbox lightbox-gallery\" href=\"https:\/\/www.astera-glass.cz\/wp-content\/uploads\/astera-5.jpg\" title=\"\">            <div class=\"box has-hover gallery-box box-overlay dark\">\n              <div class=\"box-image image-overlay-add\" style=\"border-radius:3%;\">\n                <img width=\"600\" height=\"450\" src=\"https:\/\/www.astera-glass.cz\/wp-content\/uploads\/astera-5-600x450.jpg\" class=\"attachment-medium size-medium\" alt=\"\" loading=\"lazy\" ids=\"600,604,601,598,599,603,602\" lightbox_image_size=\"large\" col_spacing=\"small\" image_radius=\"3\" image_overlay=\"rgba(0, 0, 0, 0.39)\" image_hover=\"overlay-add\" srcset=\"https:\/\/www.astera-glass.cz\/wp-content\/uploads\/astera-5-600x450.jpg 600w, https:\/\/www.astera-glass.cz\/wp-content\/uploads\/astera-5-768x576.jpg 768w, https:\/\/www.astera-glass.cz\/wp-content\/uploads\/astera-5.jpg 1024w\" sizes=\"(max-width: 600px) 100vw, 600px\" \/>                                  <div class=\"overlay fill\"\n                      style=\"background-color: rgba(0, 0, 0, 0.39)\">\n                  <\/div>\n                                                              <\/div>\n              <div class=\"box-text text-left\" >\n                 <p><\/p>\n              <\/div>\n            <\/div>\n            <\/a>          <\/div>\n         <\/div>\n                 <div class=\"gallery-col col\" >\n          <div class=\"col-inner\">\n            <a class=\"image-lightbox lightbox-gallery\" href=\"https:\/\/www.astera-glass.cz\/wp-content\/uploads\/astera-1.jpg\" title=\"\">            <div class=\"box has-hover gallery-box box-overlay dark\">\n              <div class=\"box-image image-overlay-add\" style=\"border-radius:3%;\">\n                <img width=\"600\" height=\"450\" src=\"https:\/\/www.astera-glass.cz\/wp-content\/uploads\/astera-1-600x450.jpg\" class=\"attachment-medium size-medium\" alt=\"\" loading=\"lazy\" ids=\"600,604,601,598,599,603,602\" lightbox_image_size=\"large\" col_spacing=\"small\" image_radius=\"3\" image_overlay=\"rgba(0, 0, 0, 0.39)\" image_hover=\"overlay-add\" srcset=\"https:\/\/www.astera-glass.cz\/wp-content\/uploads\/astera-1-600x450.jpg 600w, https:\/\/www.astera-glass.cz\/wp-content\/uploads\/astera-1-768x576.jpg 768w, https:\/\/www.astera-glass.cz\/wp-content\/uploads\/astera-1.jpg 1024w\" sizes=\"(max-width: 600px) 100vw, 600px\" \/>                                  <div class=\"overlay fill\"\n                      style=\"background-color: rgba(0, 0, 0, 0.39)\">\n                  <\/div>\n                                                              <\/div>\n              <div class=\"box-text text-left\" >\n                 <p><\/p>\n              <\/div>\n            <\/div>\n            <\/a>          <\/div>\n         <\/div>\n                 <div class=\"gallery-col col\" >\n          <div class=\"col-inner\">\n            <a class=\"image-lightbox lightbox-gallery\" href=\"https:\/\/www.astera-glass.cz\/wp-content\/uploads\/astera-4.jpg\" title=\"\">            <div class=\"box has-hover gallery-box box-overlay dark\">\n              <div class=\"box-image image-overlay-add\" style=\"border-radius:3%;\">\n                <img width=\"600\" height=\"450\" src=\"https:\/\/www.astera-glass.cz\/wp-content\/uploads\/astera-4-600x450.jpg\" class=\"attachment-medium size-medium\" alt=\"\" loading=\"lazy\" ids=\"600,604,601,598,599,603,602\" lightbox_image_size=\"large\" col_spacing=\"small\" image_radius=\"3\" image_overlay=\"rgba(0, 0, 0, 0.39)\" image_hover=\"overlay-add\" srcset=\"https:\/\/www.astera-glass.cz\/wp-content\/uploads\/astera-4-600x450.jpg 600w, https:\/\/www.astera-glass.cz\/wp-content\/uploads\/astera-4-768x576.jpg 768w, https:\/\/www.astera-glass.cz\/wp-content\/uploads\/astera-4.jpg 1024w\" sizes=\"(max-width: 600px) 100vw, 600px\" \/>                                  <div class=\"overlay fill\"\n                      style=\"background-color: rgba(0, 0, 0, 0.39)\">\n                  <\/div>\n                                                              <\/div>\n              <div class=\"box-text text-left\" >\n                 <p><\/p>\n              <\/div>\n            <\/div>\n            <\/a>          <\/div>\n         <\/div>\n                 <div class=\"gallery-col col\" >\n          <div class=\"col-inner\">\n            <a class=\"image-lightbox lightbox-gallery\" href=\"https:\/\/www.astera-glass.cz\/wp-content\/uploads\/astera-7.jpg\" title=\"\">            <div class=\"box has-hover gallery-box box-overlay dark\">\n              <div class=\"box-image image-overlay-add\" style=\"border-radius:3%;\">\n                <img width=\"600\" height=\"450\" src=\"https:\/\/www.astera-glass.cz\/wp-content\/uploads\/astera-7-600x450.jpg\" class=\"attachment-medium size-medium\" alt=\"\" loading=\"lazy\" ids=\"600,604,601,598,599,603,602\" lightbox_image_size=\"large\" col_spacing=\"small\" image_radius=\"3\" image_overlay=\"rgba(0, 0, 0, 0.39)\" image_hover=\"overlay-add\" srcset=\"https:\/\/www.astera-glass.cz\/wp-content\/uploads\/astera-7-600x450.jpg 600w, https:\/\/www.astera-glass.cz\/wp-content\/uploads\/astera-7-768x576.jpg 768w, https:\/\/www.astera-glass.cz\/wp-content\/uploads\/astera-7.jpg 1024w\" sizes=\"(max-width: 600px) 100vw, 600px\" \/>                                  <div class=\"overlay fill\"\n                      style=\"background-color: rgba(0, 0, 0, 0.39)\">\n                  <\/div>\n                                                              <\/div>\n              <div class=\"box-text text-left\" >\n                 <p><\/p>\n              <\/div>\n            <\/div>\n            <\/a>          <\/div>\n         <\/div>\n                 <div class=\"gallery-col col\" >\n          <div class=\"col-inner\">\n            <a class=\"image-lightbox lightbox-gallery\" href=\"https:\/\/www.astera-glass.cz\/wp-content\/uploads\/astera-6.jpg\" title=\"\">            <div class=\"box has-hover gallery-box box-overlay dark\">\n              <div class=\"box-image image-overlay-add\" style=\"border-radius:3%;\">\n                <img width=\"600\" height=\"450\" src=\"https:\/\/www.astera-glass.cz\/wp-content\/uploads\/astera-6-600x450.jpg\" class=\"attachment-medium size-medium\" alt=\"\" loading=\"lazy\" ids=\"600,604,601,598,599,603,602\" lightbox_image_size=\"large\" col_spacing=\"small\" image_radius=\"3\" image_overlay=\"rgba(0, 0, 0, 0.39)\" image_hover=\"overlay-add\" srcset=\"https:\/\/www.astera-glass.cz\/wp-content\/uploads\/astera-6-600x450.jpg 600w, https:\/\/www.astera-glass.cz\/wp-content\/uploads\/astera-6-768x576.jpg 768w, https:\/\/www.astera-glass.cz\/wp-content\/uploads\/astera-6.jpg 1024w\" sizes=\"(max-width: 600px) 100vw, 600px\" \/>                                  <div class=\"overlay fill\"\n                      style=\"background-color: rgba(0, 0, 0, 0.39)\">\n                  <\/div>\n                                                              <\/div>\n              <div class=\"box-text text-left\" >\n                 <p><\/p>\n              <\/div>\n            <\/div>\n            <\/a>          <\/div>\n         <\/div>\n                 <div class=\"gallery-col col\" >\n          <div class=\"col-inner\">\n            <a class=\"image-lightbox lightbox-gallery\" href=\"https:\/\/www.astera-glass.cz\/wp-content\/uploads\/astera-2.jpg\" title=\"\">            <div class=\"box has-hover gallery-box box-overlay dark\">\n              <div class=\"box-image image-overlay-add\" style=\"border-radius:3%;\">\n                <img width=\"600\" height=\"450\" src=\"https:\/\/www.astera-glass.cz\/wp-content\/uploads\/astera-2-600x450.jpg\" class=\"attachment-medium size-medium\" alt=\"\" loading=\"lazy\" ids=\"600,604,601,598,599,603,602\" lightbox_image_size=\"large\" col_spacing=\"small\" image_radius=\"3\" image_overlay=\"rgba(0, 0, 0, 0.39)\" image_hover=\"overlay-add\" srcset=\"https:\/\/www.astera-glass.cz\/wp-content\/uploads\/astera-2-600x450.jpg 600w, https:\/\/www.astera-glass.cz\/wp-content\/uploads\/astera-2-768x576.jpg 768w, https:\/\/www.astera-glass.cz\/wp-content\/uploads\/astera-2.jpg 1024w\" sizes=\"(max-width: 600px) 100vw, 600px\" \/>                                  <div class=\"overlay fill\"\n                      style=\"background-color: rgba(0, 0, 0, 0.39)\">\n                  <\/div>\n                                                              <\/div>\n              <div class=\"box-text text-left\" >\n                 <p><\/p>\n              <\/div>\n            <\/div>\n            <\/a>          <\/div>\n         <\/div>\n                 <div class=\"gallery-col col\" >\n          <div class=\"col-inner\">\n            <a class=\"image-lightbox lightbox-gallery\" href=\"https:\/\/www.astera-glass.cz\/wp-content\/uploads\/astera-3.jpg\" title=\"\">            <div class=\"box has-hover gallery-box box-overlay dark\">\n              <div class=\"box-image image-overlay-add\" style=\"border-radius:3%;\">\n                <img width=\"600\" height=\"449\" src=\"https:\/\/www.astera-glass.cz\/wp-content\/uploads\/astera-3-600x449.jpg\" class=\"attachment-medium size-medium\" alt=\"\" loading=\"lazy\" ids=\"600,604,601,598,599,603,602\" lightbox_image_size=\"large\" col_spacing=\"small\" image_radius=\"3\" image_overlay=\"rgba(0, 0, 0, 0.39)\" image_hover=\"overlay-add\" srcset=\"https:\/\/www.astera-glass.cz\/wp-content\/uploads\/astera-3-600x449.jpg 600w, https:\/\/www.astera-glass.cz\/wp-content\/uploads\/astera-3-768x575.jpg 768w, https:\/\/www.astera-glass.cz\/wp-content\/uploads\/astera-3.jpg 1024w\" sizes=\"(max-width: 600px) 100vw, 600px\" \/>                                  <div class=\"overlay fill\"\n                      style=\"background-color: rgba(0, 0, 0, 0.39)\">\n                  <\/div>\n                                                              <\/div>\n              <div class=\"box-text text-left\" >\n                 <p><\/p>\n              <\/div>\n            <\/div>\n            <\/a>          <\/div>\n         <\/div>\n         <\/div>\n\n\t<script type=\"text\/javascript\">\n  jQuery( document ).ready(function() {\n    function initialize() {\n        var styles = {\n            'flatsome':  [{\n            \"featureType\": \"administrative\",\n            \"stylers\": [\n              { \"visibility\": \"on\" }\n            ]\n          },\n          {\n            \"featureType\": \"road\",\n            \"stylers\": [\n              { \"visibility\": \"on\" },\n              { \"hue\": \"#e70000\" }\n            ]\n          },\n          {\n            \"stylers\": [\n\t\t\t  { \"visibility\": \"on\" },\n\t\t\t  { \"hue\": \"#e70000\" },\n\t\t\t  { \"saturation\": -27 }\n            ]\n          }\n        ]};\n\n        var myLatlng = new google.maps.LatLng(50.75767, 14.55107);\n        var myOptions = {\n            zoom: 18,\n            center: myLatlng,\n            mapTypeId: google.maps.MapTypeId.ROADMAP,\n            disableDefaultUI: true,\n            mapTypeId: 'flatsome',\n            draggable: true,\n            zoomControl: true,\n            zoomControlOptions: {\n              position: google.maps.ControlPosition.TOP_LEFT\n            },\n      \t\t\t\/\/ panControl: true,\n            \/\/ panControlOptions: {\n            \/\/   position: google.maps.ControlPosition.TOP_LEFT\n            \/\/ },\n      \t\t\tmapTypeControl: true,\n            mapTypeControlOptions: {\n              position: google.maps.ControlPosition.TOP_LEFT\n            },\n      \t\t\t\/\/ scaleControl: true,\n            \/\/ scaleControlOptions: {\n            \/\/   position: google.maps.ControlPosition.TOP_LEFT\n            \/\/ },\n      \t\t\tstreetViewControl: false,\n            streetViewControlOptions: {\n              position: google.maps.ControlPosition.TOP_LEFT\n            },\n      \t\t\t\/\/ overviewMapControl: true,\n            \/\/ overviewMapControlOptions: {\n            \/\/   position: google.maps.ControlPosition.TOP_LEFT\n            \/\/ },\n            scrollwheel: false,\n            disableDoubleClickZoom: true\n        }\n        var map = new google.maps.Map(document.getElementById(\"map-1137343276-inner\"), myOptions);\n        var styledMapType = new google.maps.StyledMapType(styles['flatsome'], {name: 'flatsome'});\n        map.mapTypes.set('flatsome', styledMapType);\n\n        var marker = new google.maps.Marker({\n            position: myLatlng,\n            map: map,\n            title:\"\"\n        });\n    }\n\n    \/\/ Required to proceed\n    if (!(typeof google === 'object' && typeof google.maps === 'object')) {\n      return\n    }\n\n    initialize()\n    google.maps.event.addDomListener(window, 'resize', initialize);\n    });\n    <\/script>\n\n    <div class=\"google-map relative mb\" id=\"map-1137343276\">\n        <div class=\"map-height\" id=\"map-1137343276-inner\"><\/div>\n        <div id=\"map_overlay_top\"><\/div>\n        <div id=\"map_overlay_bottom\"><\/div>\n         \n       \n<style>\n#map-1137343276 .map-inner {\n  background-color: #fff;\n  max-width: 100%;\n}\n#map-1137343276 .map-height {\n  height: 610px;\n}\n@media (min-width:550px) {\n  #map-1137343276 .map-inner {\n    max-width: 40%;\n  }\n}\n@media (min-width:850px) {\n  #map-1137343276 .map-inner {\n    max-width: 30%;\n  }\n}\n<\/style>\n    <\/div>","protected":false},"excerpt":{"rendered":"","protected":false},"author":1,"featured_media":0,"parent":0,"menu_order":1,"comment_status":"closed","ping_status":"closed","template":"","meta":[],"_links":{"self":[{"href":"https:\/\/www.astera-glass.cz\/en\/wp-json\/wp\/v2\/pages\/586"}],"collection":[{"href":"https:\/\/www.astera-glass.cz\/en\/wp-json\/wp\/v2\/pages"}],"about":[{"href":"https:\/\/www.astera-glass.cz\/en\/wp-json\/wp\/v2\/types\/page"}],"author":[{"embeddable":true,"href":"https:\/\/www.astera-glass.cz\/en\/wp-json\/wp\/v2\/users\/1"}],"replies":[{"embeddable":true,"href":"https:\/\/www.astera-glass.cz\/en\/wp-json\/wp\/v2\/comments?post=586"}],"version-history":[{"count":21,"href":"https:\/\/www.astera-glass.cz\/en\/wp-json\/wp\/v2\/pages\/586\/revisions"}],"predecessor-version":[{"id":2100,"href":"https:\/\/www.astera-glass.cz\/en\/wp-json\/wp\/v2\/pages\/586\/revisions\/2100"}],"wp:attachment":[{"href":"https:\/\/www.astera-glass.cz\/en\/wp-json\/wp\/v2\/media?parent=586"}],"curies":[{"name":"wp","href":"https:\/\/api.w.org\/{rel}","templated":true}]}}