{"id":582,"date":"2021-04-07T13:06:02","date_gmt":"2021-04-07T11:06:02","guid":{"rendered":"https:\/\/www.astera-glass.cz\/?page_id=582"},"modified":"2021-08-02T15:12:56","modified_gmt":"2021-08-02T13:12:56","slug":"umeni","status":"publish","type":"page","link":"https:\/\/www.astera-glass.cz\/en\/umeni\/","title":{"rendered":"Art"},"content":{"rendered":"<h1 style=\"text-align: center;\">Art<\/h1>\n<div class=\"text-center\"><div class=\"is-divider divider clearfix\" style=\"margin-top:0px;margin-bottom:0px;max-width:75px;\"><\/div><\/div>\n\t<div id=\"gap-431002806\" class=\"gap-element clearfix\" style=\"display:block; height:auto;\">\n\t\t\n<style>\n#gap-431002806 {\n  padding-top: 30px;\n}\n<\/style>\n\t<\/div>\n\t\n<div class=\"row\"  id=\"row-1335626451\">\n\n\t<div id=\"col-1860054454\" class=\"col medium-3 small-6 large-3\"  >\n\t\t<div class=\"col-inner text-center\"  >\n\t\t\t\n\t\t\t\t<div class=\"img has-hover x md-x lg-x y md-y lg-y\" id=\"image_668614506\">\n\t\t<a class=\"\" href=\"https:\/\/www.astera-glass.cz\/en\/vladimir-zila-st\/\"  >\t\t\t\t\t\t<div class=\"img-inner image-overlay-add image-cover dark\" style=\"padding-top:135%;\">\n\t\t\t<img width=\"420\" height=\"600\" src=\"https:\/\/www.astera-glass.cz\/wp-content\/uploads\/vladimir-zila-420x600.jpg\" class=\"attachment-medium size-medium\" alt=\"\" loading=\"lazy\" srcset=\"https:\/\/www.astera-glass.cz\/wp-content\/uploads\/vladimir-zila-420x600.jpg 420w, https:\/\/www.astera-glass.cz\/wp-content\/uploads\/vladimir-zila.jpg 537w\" sizes=\"(max-width: 420px) 100vw, 420px\" \/>\t\t\t\t\t\t\t<div class=\"overlay\" style=\"background-color: rgba(0, 0, 0, 0.43)\"><\/div>\n\t\t\t\t\t\t\n\t\t\t\t\t<\/div>\n\t\t\t\t\t\t<\/a>\t\t\n<style>\n#image_668614506 {\n  width: 100%;\n}\n<\/style>\n\t<\/div>\n\t  <h3><a href=\"https:\/\/www.astera-glass.cz\/en\/vladimir-zila-st\/\" title=\"Vladim\u00edr \u017d\u00edla st.\">Vladim\u00edr \u017d\u00edla st.<\/a><\/h3><div class=\"morelink\"><\/div>\t\t<\/div>\n\t\t\t<\/div>\n\n\t\n\t<div id=\"col-879594313\" class=\"col medium-3 small-6 large-3\"  >\n\t\t<div class=\"col-inner text-center\"  >\n\t\t\t\n\t\t\t\t<div class=\"img has-hover x md-x lg-x y md-y lg-y\" id=\"image_915085329\">\n\t\t<a class=\"\" href=\"https:\/\/www.astera-glass.cz\/en\/milos-balgavy\/\"  >\t\t\t\t\t\t<div class=\"img-inner image-overlay-add image-cover dark\" style=\"padding-top:135%;\">\n\t\t\t<img width=\"419\" height=\"600\" src=\"https:\/\/www.astera-glass.cz\/wp-content\/uploads\/milos-balgavy-419x600.jpg\" class=\"attachment-medium size-medium\" alt=\"\" loading=\"lazy\" srcset=\"https:\/\/www.astera-glass.cz\/wp-content\/uploads\/milos-balgavy-419x600.jpg 419w, https:\/\/www.astera-glass.cz\/wp-content\/uploads\/milos-balgavy.jpg 536w\" sizes=\"(max-width: 419px) 100vw, 419px\" \/>\t\t\t\t\t\t\t<div class=\"overlay\" style=\"background-color: rgba(0, 0, 0, 0.43)\"><\/div>\n\t\t\t\t\t\t\n\t\t\t\t\t<\/div>\n\t\t\t\t\t\t<\/a>\t\t\n<style>\n#image_915085329 {\n  width: 100%;\n}\n<\/style>\n\t<\/div>\n\t  <h3><a href=\"https:\/\/www.astera-glass.cz\/en\/milos-balgavy\/\" title=\"Milo\u0161 Balgav\u00fd\">Milo\u0161 Balgav\u00fd<\/a><\/h3><div class=\"morelink\"><\/div>\t\t<\/div>\n\t\t\t<\/div>\n\n\t\n\t<div id=\"col-1164342843\" class=\"col medium-3 small-6 large-3\"  >\n\t\t<div class=\"col-inner text-center\"  >\n\t\t\t\n\t\t\t\t<div class=\"img has-hover x md-x lg-x y md-y lg-y\" id=\"image_1506404386\">\n\t\t<a class=\"\" href=\"https:\/\/www.astera-glass.cz\/en\/barbara-nanning\/\"  >\t\t\t\t\t\t<div class=\"img-inner image-overlay-add image-cover dark\" style=\"padding-top:135%;\">\n\t\t\t<img width=\"419\" height=\"600\" src=\"https:\/\/www.astera-glass.cz\/wp-content\/uploads\/barbara-nanning-419x600.jpg\" class=\"attachment-medium size-medium\" alt=\"\" loading=\"lazy\" srcset=\"https:\/\/www.astera-glass.cz\/wp-content\/uploads\/barbara-nanning-419x600.jpg 419w, https:\/\/www.astera-glass.cz\/wp-content\/uploads\/barbara-nanning.jpg 536w\" sizes=\"(max-width: 419px) 100vw, 419px\" \/>\t\t\t\t\t\t\t<div class=\"overlay\" style=\"background-color: rgba(0, 0, 0, 0.43)\"><\/div>\n\t\t\t\t\t\t\n\t\t\t\t\t<\/div>\n\t\t\t\t\t\t<\/a>\t\t\n<style>\n#image_1506404386 {\n  width: 100%;\n}\n<\/style>\n\t<\/div>\n\t  <h3><a href=\"https:\/\/www.astera-glass.cz\/en\/barbara-nanning\/\" title=\"Barbara Nanning\">Barbara Nanning<\/a><\/h3><div class=\"morelink\"><\/div>\t\t<\/div>\n\t\t\t<\/div>\n\n\t\n<\/div>","protected":false},"excerpt":{"rendered":"<p>Art<\/p>\n","protected":false},"author":1,"featured_media":0,"parent":0,"menu_order":4,"comment_status":"closed","ping_status":"closed","template":"","meta":[],"_links":{"self":[{"href":"https:\/\/www.astera-glass.cz\/en\/wp-json\/wp\/v2\/pages\/582"}],"collection":[{"href":"https:\/\/www.astera-glass.cz\/en\/wp-json\/wp\/v2\/pages"}],"about":[{"href":"https:\/\/www.astera-glass.cz\/en\/wp-json\/wp\/v2\/types\/page"}],"author":[{"embeddable":true,"href":"https:\/\/www.astera-glass.cz\/en\/wp-json\/wp\/v2\/users\/1"}],"replies":[{"embeddable":true,"href":"https:\/\/www.astera-glass.cz\/en\/wp-json\/wp\/v2\/comments?post=582"}],"version-history":[{"count":3,"href":"https:\/\/www.astera-glass.cz\/en\/wp-json\/wp\/v2\/pages\/582\/revisions"}],"predecessor-version":[{"id":1009,"href":"https:\/\/www.astera-glass.cz\/en\/wp-json\/wp\/v2\/pages\/582\/revisions\/1009"}],"wp:attachment":[{"href":"https:\/\/www.astera-glass.cz\/en\/wp-json\/wp\/v2\/media?parent=582"}],"curies":[{"name":"wp","href":"https:\/\/api.w.org\/{rel}","templated":true}]}}