{"id":526,"date":"2021-04-05T12:53:52","date_gmt":"2021-04-05T10:53:52","guid":{"rendered":"https:\/\/www.astera-glass.cz\/?page_id=526"},"modified":"2021-08-02T15:13:10","modified_gmt":"2021-08-02T13:13:10","slug":"design","status":"publish","type":"page","link":"https:\/\/www.astera-glass.cz\/en\/design\/","title":{"rendered":"Design"},"content":{"rendered":"<h1 style=\"text-align: center;\">Design<\/h1>\n<div class=\"text-center\"><div class=\"is-divider divider clearfix\" style=\"margin-top:0px;margin-bottom:0px;max-width:75px;\"><\/div><\/div>\n\t<div id=\"gap-632371616\" class=\"gap-element clearfix\" style=\"display:block; height:auto;\">\n\t\t\n<style>\n#gap-632371616 {\n  padding-top: 30px;\n}\n<\/style>\n\t<\/div>\n\t\n<div class=\"row\"  id=\"row-1632131301\">\n\n\t<div id=\"col-201946899\" class=\"col medium-3 small-6 large-3\"  >\n\t\t<div class=\"col-inner text-center\"  >\n\t\t\t\n\t\t\t\t<div class=\"img has-hover x md-x lg-x y md-y lg-y\" id=\"image_1987089440\">\n\t\t<a class=\"\" href=\"https:\/\/www.astera-glass.cz\/en\/willem-noyons\/\"  >\t\t\t\t\t\t<div class=\"img-inner image-overlay-add image-cover dark\" style=\"padding-top:135%;\">\n\t\t\t<img width=\"419\" height=\"600\" src=\"https:\/\/www.astera-glass.cz\/wp-content\/uploads\/astera-willem-and-anna-noyons-419x600.jpg\" class=\"attachment-medium size-medium\" alt=\"\" loading=\"lazy\" srcset=\"https:\/\/www.astera-glass.cz\/wp-content\/uploads\/astera-willem-and-anna-noyons-419x600.jpg 419w, https:\/\/www.astera-glass.cz\/wp-content\/uploads\/astera-willem-and-anna-noyons.jpg 536w\" sizes=\"(max-width: 419px) 100vw, 419px\" \/>\t\t\t\t\t\t\t<div class=\"overlay\" style=\"background-color: rgba(0, 0, 0, 0.43)\"><\/div>\n\t\t\t\t\t\t\n\t\t\t\t\t<\/div>\n\t\t\t\t\t\t<\/a>\t\t\n<style>\n#image_1987089440 {\n  width: 100%;\n}\n<\/style>\n\t<\/div>\n\t  <h3><a href=\"https:\/\/www.astera-glass.cz\/en\/willem-noyons\/\" title=\"Willem Noyons\">Willem Noyons<\/a><\/h3><div class=\"morelink\"><\/div>\t\t<\/div>\n\t\t\t<\/div>\n\n\t\n\t<div id=\"col-2013041846\" class=\"col medium-3 small-6 large-3\"  >\n\t\t<div class=\"col-inner text-center\"  >\n\t\t\t\n\t\t\t\t<div class=\"img has-hover x md-x lg-x y md-y lg-y\" id=\"image_1309576374\">\n\t\t<a class=\"\" href=\"https:\/\/www.astera-glass.cz\/en\/lubomir-zubor\/\"  >\t\t\t\t\t\t<div class=\"img-inner image-overlay-add image-cover dark\" style=\"padding-top:135%;\">\n\t\t\t<img width=\"419\" height=\"600\" src=\"https:\/\/www.astera-glass.cz\/wp-content\/uploads\/astera-lubomir-zubor-419x600.jpg\" class=\"attachment-medium size-medium\" alt=\"\" loading=\"lazy\" srcset=\"https:\/\/www.astera-glass.cz\/wp-content\/uploads\/astera-lubomir-zubor-419x600.jpg 419w, https:\/\/www.astera-glass.cz\/wp-content\/uploads\/astera-lubomir-zubor.jpg 536w\" sizes=\"(max-width: 419px) 100vw, 419px\" \/>\t\t\t\t\t\t\t<div class=\"overlay\" style=\"background-color: rgba(0, 0, 0, 0.43)\"><\/div>\n\t\t\t\t\t\t\n\t\t\t\t\t<\/div>\n\t\t\t\t\t\t<\/a>\t\t\n<style>\n#image_1309576374 {\n  width: 100%;\n}\n<\/style>\n\t<\/div>\n\t  <h3><a href=\"https:\/\/www.astera-glass.cz\/en\/lubomir-zubor\/\" title=\"Lubom\u00edr \u017d\u00fabor\">Lubom\u00edr \u017d\u00fabor<\/a><\/h3><div class=\"morelink\"><\/div>\t\t<\/div>\n\t\t\t<\/div>\n\n\t\n\t<div id=\"col-1117792360\" class=\"col medium-3 small-6 large-3\"  >\n\t\t<div class=\"col-inner text-center\"  >\n\t\t\t\n\t\t\t\t<div class=\"img has-hover x md-x lg-x y md-y lg-y\" id=\"image_1538518881\">\n\t\t<a class=\"\" href=\"https:\/\/www.astera-glass.cz\/en\/kristyna-venturova\/\"  >\t\t\t\t\t\t<div class=\"img-inner image-overlay-add image-cover dark\" style=\"padding-top:135%;\">\n\t\t\t<img width=\"400\" height=\"600\" src=\"https:\/\/www.astera-glass.cz\/wp-content\/uploads\/astera-kristyna1-400x600.jpg\" class=\"attachment-medium size-medium\" alt=\"\" loading=\"lazy\" srcset=\"https:\/\/www.astera-glass.cz\/wp-content\/uploads\/astera-kristyna1-400x600.jpg 400w, https:\/\/www.astera-glass.cz\/wp-content\/uploads\/astera-kristyna1.jpg 512w\" sizes=\"(max-width: 400px) 100vw, 400px\" \/>\t\t\t\t\t\t\t<div class=\"overlay\" style=\"background-color: rgba(0, 0, 0, 0.43)\"><\/div>\n\t\t\t\t\t\t\n\t\t\t\t\t<\/div>\n\t\t\t\t\t\t<\/a>\t\t\n<style>\n#image_1538518881 {\n  width: 100%;\n}\n<\/style>\n\t<\/div>\n\t  <h3><a href=\"https:\/\/www.astera-glass.cz\/en\/kristyna-venturova\/\" title=\"Krist\u00fdna Venturov\u00e1\">Krist\u00fdna Venturov\u00e1<\/a><\/h3><div class=\"morelink\"><\/div>\t\t<\/div>\n\t\t\t<\/div>\n\n\t\n\t<div id=\"col-290076213\" class=\"col medium-3 small-6 large-3\"  >\n\t\t<div class=\"col-inner text-center\"  >\n\t\t\t\n\t\t\t\t<div class=\"img has-hover x md-x lg-x y md-y lg-y\" id=\"image_557645826\">\n\t\t<a class=\"\" href=\"https:\/\/www.astera-glass.cz\/en\/daniela-chodilova\/\"  >\t\t\t\t\t\t<div class=\"img-inner image-overlay-add image-cover dark\" style=\"padding-top:135%;\">\n\t\t\t<img width=\"424\" height=\"600\" src=\"https:\/\/www.astera-glass.cz\/wp-content\/uploads\/astera-225-424x600.jpg\" class=\"attachment-medium size-medium\" alt=\"\" loading=\"lazy\" srcset=\"https:\/\/www.astera-glass.cz\/wp-content\/uploads\/astera-225-424x600.jpg 424w, https:\/\/www.astera-glass.cz\/wp-content\/uploads\/astera-225.jpg 543w\" sizes=\"(max-width: 424px) 100vw, 424px\" \/>\t\t\t\t\t\t\t<div class=\"overlay\" style=\"background-color: rgba(0, 0, 0, 0.43)\"><\/div>\n\t\t\t\t\t\t\n\t\t\t\t\t<\/div>\n\t\t\t\t\t\t<\/a>\t\t\n<style>\n#image_557645826 {\n  width: 100%;\n}\n<\/style>\n\t<\/div>\n\t  <h3><a href=\"https:\/\/www.astera-glass.cz\/en\/daniela-chodilova\/\" title=\"Daniela Chodilov\u00e1\">Daniela Chodilov\u00e1<\/a><\/h3><div class=\"morelink\"><\/div>\t\t<\/div>\n\t\t\t<\/div>\n\n\t\n\t<div id=\"col-650544974\" class=\"col medium-3 small-6 large-3\"  >\n\t\t<div class=\"col-inner text-center\"  >\n\t\t\t\n\t\t\t\t<div class=\"img has-hover x md-x lg-x y md-y lg-y\" id=\"image_82058996\">\n\t\t\t\t\t\t\t\t<div class=\"img-inner image-cover dark\" style=\"padding-top:75%;\">\n\t\t\t\t\t\t\t\t\t\n\t\t\t\t\t<\/div>\n\t\t\t\t\t\t\t\t\n<style>\n#image_82058996 {\n  width: 100%;\n}\n<\/style>\n\t<\/div>\n\t  <h3><a href=\"https:\/\/www.astera-glass.cz\/en\/carina-riezebos\/\" title=\"Carina Riezebos\">Carina Riezebos<\/a><\/h3><div class=\"morelink\"><\/div>\t\t<\/div>\n\t\t\t<\/div>\n\n\t\n<\/div>\n","protected":false},"excerpt":{"rendered":"<p>Design<\/p>\n","protected":false},"author":1,"featured_media":0,"parent":0,"menu_order":6,"comment_status":"closed","ping_status":"closed","template":"","meta":[],"_links":{"self":[{"href":"https:\/\/www.astera-glass.cz\/en\/wp-json\/wp\/v2\/pages\/526"}],"collection":[{"href":"https:\/\/www.astera-glass.cz\/en\/wp-json\/wp\/v2\/pages"}],"about":[{"href":"https:\/\/www.astera-glass.cz\/en\/wp-json\/wp\/v2\/types\/page"}],"author":[{"embeddable":true,"href":"https:\/\/www.astera-glass.cz\/en\/wp-json\/wp\/v2\/users\/1"}],"replies":[{"embeddable":true,"href":"https:\/\/www.astera-glass.cz\/en\/wp-json\/wp\/v2\/comments?post=526"}],"version-history":[{"count":12,"href":"https:\/\/www.astera-glass.cz\/en\/wp-json\/wp\/v2\/pages\/526\/revisions"}],"predecessor-version":[{"id":1010,"href":"https:\/\/www.astera-glass.cz\/en\/wp-json\/wp\/v2\/pages\/526\/revisions\/1010"}],"wp:attachment":[{"href":"https:\/\/www.astera-glass.cz\/en\/wp-json\/wp\/v2\/media?parent=526"}],"curies":[{"name":"wp","href":"https:\/\/api.w.org\/{rel}","templated":true}]}}