{"id":40,"date":"2021-02-13T01:54:21","date_gmt":"2021-02-13T00:54:21","guid":{"rendered":"https:\/\/www.astera-glass.cz\/?page_id=40"},"modified":"2022-02-20T23:29:29","modified_gmt":"2022-02-20T22:29:29","slug":"o-nas","status":"publish","type":"page","link":"https:\/\/www.astera-glass.cz\/en\/o-nas\/","title":{"rendered":"About Us"},"content":{"rendered":"<div class=\"row\"  id=\"row-303764365\">\n\n\t<div id=\"col-868674993\" class=\"col small-12 large-12\"  >\n\t\t<div class=\"col-inner\"  >\n\t\t\t\n\t\t\t\n<p><span style=\"font-size: 160%;\"><strong>ASTERA<\/strong><\/span> je realiza\u010dn\u00ed skl\u00e1\u0159sk\u00fd atelier.<\/p>\n<p>Specializujeme se na zak\u00e1zkovou v\u00fdrobu dekorativn\u00edho skla a&nbsp;k\u0159i\u0161\u0165\u00e1lu. Jsme p\u0159ipraveni vytvo\u0159it atypick\u00fd prvek do architektury, netradi\u010dn\u00ed dopln\u011bk interi\u00e9ru, unik\u00e1tn\u00ed trofej, origin\u00e1ln\u00ed d\u00e1rek, modern\u00ed designov\u00e9 sklo, reprodukci star\u00e9ho kusu&#8230;cokoliv si budete ze skla p\u0159\u00e1t.<\/p>\n<p>Sklo pro v\u00e1s vyr\u00e1b\u00edme se stejnou v\u00e1\u0161n\u00ed, energi\u00ed a&nbsp;kreativitou, s&nbsp;jakou jsme fotili na\u0161i novou kampa\u0148. V\u00fdjime\u010dn\u00e1 lokace, um\u011bleck\u00e1 fotografka, sympatick\u00e1 modelka a&nbsp;sklen\u011bn\u00e9 &#8220;e\u0161usy&#8221; navr\u017een\u00e9 Danielovou Chodilovou. U\u017eijte si <a href=\"https:\/\/www.youtube.com\/watch?v=uw2PSJkrVVU\">K\u0158EHK\u00c9 EMOCE !<\/a><\/p>\n\t\t<\/div>\n\t\t\t<\/div>\n\n\t\n<\/div>\n<div class=\"row\"  id=\"row-1596296877\">\n\n\t<div id=\"col-1522604864\" class=\"col medium-3 small-6 large-3\"  >\n\t\t<div class=\"col-inner text-center\"  >\n\t\t\t\n\t\t\t\t<div class=\"img has-hover x md-x lg-x y md-y lg-y\" id=\"image_290975951\">\n\t\t<a class=\"\" href=\"https:\/\/www.astera-glass.cz\/en\/brouseni\/\"  >\t\t\t\t\t\t<div class=\"img-inner image-overlay-add image-cover dark\" style=\"padding-top:135%;\">\n\t\t\t<img width=\"600\" height=\"450\" src=\"https:\/\/www.astera-glass.cz\/wp-content\/uploads\/astera-brouseni-12-600x450.jpg\" class=\"attachment-medium size-medium\" alt=\"\" loading=\"lazy\" srcset=\"https:\/\/www.astera-glass.cz\/wp-content\/uploads\/astera-brouseni-12-600x450.jpg 600w, https:\/\/www.astera-glass.cz\/wp-content\/uploads\/astera-brouseni-12-768x576.jpg 768w, https:\/\/www.astera-glass.cz\/wp-content\/uploads\/astera-brouseni-12.jpg 1024w\" sizes=\"(max-width: 600px) 100vw, 600px\" \/>\t\t\t\t\t\t\t<div class=\"overlay\" style=\"background-color: rgba(0, 0, 0, 0.43)\"><\/div>\n\t\t\t\t\t\t\n\t\t\t\t\t<\/div>\n\t\t\t\t\t\t<\/a>\t\t\n<style>\n#image_290975951 {\n  width: 100%;\n}\n<\/style>\n\t<\/div>\n\t  <h3><a href=\"https:\/\/www.astera-glass.cz\/en\/brouseni\/\" title=\"Glass grinding\">Glass grinding<\/a><\/h3><div class=\"morelink\"><\/div>\t\t<\/div>\n\t\t\t<\/div>\n\n\t\n\t<div id=\"col-327451821\" class=\"col medium-3 small-6 large-3\"  >\n\t\t<div class=\"col-inner text-center\"  >\n\t\t\t\n\t\t\t\t<div class=\"img has-hover x md-x lg-x y md-y lg-y\" id=\"image_1824909664\">\n\t\t<a class=\"\" href=\"https:\/\/www.astera-glass.cz\/en\/foukani\/\"  >\t\t\t\t\t\t<div class=\"img-inner image-overlay-add image-cover dark\" style=\"padding-top:135%;\">\n\t\t\t<img width=\"600\" height=\"450\" src=\"https:\/\/www.astera-glass.cz\/wp-content\/uploads\/astera-141-4130-img-600x450.jpg\" class=\"attachment-medium size-medium\" alt=\"\" loading=\"lazy\" srcset=\"https:\/\/www.astera-glass.cz\/wp-content\/uploads\/astera-141-4130-img-600x450.jpg 600w, https:\/\/www.astera-glass.cz\/wp-content\/uploads\/astera-141-4130-img-768x576.jpg 768w, https:\/\/www.astera-glass.cz\/wp-content\/uploads\/astera-141-4130-img.jpg 1024w\" sizes=\"(max-width: 600px) 100vw, 600px\" \/>\t\t\t\t\t\t\t<div class=\"overlay\" style=\"background-color: rgba(0, 0, 0, 0.43)\"><\/div>\n\t\t\t\t\t\t\n\t\t\t\t\t<\/div>\n\t\t\t\t\t\t<\/a>\t\t\n<style>\n#image_1824909664 {\n  width: 100%;\n}\n<\/style>\n\t<\/div>\n\t  <h3><a href=\"https:\/\/www.astera-glass.cz\/en\/foukani\/\" title=\"Glass blowing\">Glass blowing<\/a><\/h3><div class=\"morelink\"><\/div>\t\t<\/div>\n\t\t\t<\/div>\n\n\t\n\t<div id=\"col-1774416967\" class=\"col medium-3 small-6 large-3\"  >\n\t\t<div class=\"col-inner text-center\"  >\n\t\t\t\n\t\t\t\t<div class=\"img has-hover x md-x lg-x y md-y lg-y\" id=\"image_1348210658\">\n\t\t<a class=\"\" href=\"https:\/\/www.astera-glass.cz\/en\/3d-laser\/\"  >\t\t\t\t\t\t<div class=\"img-inner image-overlay-add image-cover dark\" style=\"padding-top:135%;\">\n\t\t\t<img width=\"451\" height=\"600\" src=\"https:\/\/www.astera-glass.cz\/wp-content\/uploads\/astera-3d-laser-3-451x600.jpg\" class=\"attachment-medium size-medium\" alt=\"\" loading=\"lazy\" srcset=\"https:\/\/www.astera-glass.cz\/wp-content\/uploads\/astera-3d-laser-3-451x600.jpg 451w, https:\/\/www.astera-glass.cz\/wp-content\/uploads\/astera-3d-laser-3.jpg 577w\" sizes=\"(max-width: 451px) 100vw, 451px\" \/>\t\t\t\t\t\t\t<div class=\"overlay\" style=\"background-color: rgba(0, 0, 0, 0.43)\"><\/div>\n\t\t\t\t\t\t\n\t\t\t\t\t<\/div>\n\t\t\t\t\t\t<\/a>\t\t\n<style>\n#image_1348210658 {\n  width: 100%;\n}\n<\/style>\n\t<\/div>\n\t  <h3><a href=\"https:\/\/www.astera-glass.cz\/en\/3d-laser\/\" title=\"3D laser\">3D laser<\/a><\/h3><div class=\"morelink\"><\/div>\t\t<\/div>\n\t\t\t<\/div>\n\n\t\n\t<div id=\"col-191472358\" class=\"col medium-3 small-6 large-3\"  >\n\t\t<div class=\"col-inner text-center\"  >\n\t\t\t\n\t\t\t\t<div class=\"img has-hover x md-x lg-x y md-y lg-y\" id=\"image_466641881\">\n\t\t<a class=\"\" href=\"https:\/\/www.astera-glass.cz\/en\/lepeni\/\"  >\t\t\t\t\t\t<div class=\"img-inner image-overlay-add image-cover dark\" style=\"padding-top:135%;\">\n\t\t\t<img width=\"600\" height=\"450\" src=\"https:\/\/www.astera-glass.cz\/wp-content\/uploads\/astera-lepeni-6-600x450.jpg\" class=\"attachment-medium size-medium\" alt=\"\" loading=\"lazy\" srcset=\"https:\/\/www.astera-glass.cz\/wp-content\/uploads\/astera-lepeni-6-600x450.jpg 600w, https:\/\/www.astera-glass.cz\/wp-content\/uploads\/astera-lepeni-6-768x576.jpg 768w, https:\/\/www.astera-glass.cz\/wp-content\/uploads\/astera-lepeni-6.jpg 1024w\" sizes=\"(max-width: 600px) 100vw, 600px\" \/>\t\t\t\t\t\t\t<div class=\"overlay\" style=\"background-color: rgba(0, 0, 0, 0.43)\"><\/div>\n\t\t\t\t\t\t\n\t\t\t\t\t<\/div>\n\t\t\t\t\t\t<\/a>\t\t\n<style>\n#image_466641881 {\n  width: 100%;\n}\n<\/style>\n\t<\/div>\n\t  <h3><a href=\"https:\/\/www.astera-glass.cz\/en\/lepeni\/\" title=\"Glass bonding\">Glass bonding<\/a><\/h3><div class=\"morelink\"><\/div>\t\t<\/div>\n\t\t\t<\/div>\n\n\t\n\t<div id=\"col-1676803481\" class=\"col medium-3 small-6 large-3\"  >\n\t\t<div class=\"col-inner text-center\"  >\n\t\t\t\n\t\t\t\t<div class=\"img has-hover x md-x lg-x y md-y lg-y\" id=\"image_920766761\">\n\t\t<a class=\"\" href=\"https:\/\/www.astera-glass.cz\/en\/malovani\/\"  >\t\t\t\t\t\t<div class=\"img-inner image-overlay-add image-cover dark\" style=\"padding-top:135%;\">\n\t\t\t<img width=\"600\" height=\"450\" src=\"https:\/\/www.astera-glass.cz\/wp-content\/uploads\/astera-malovani-2-600x450.jpg\" class=\"attachment-medium size-medium\" alt=\"\" loading=\"lazy\" srcset=\"https:\/\/www.astera-glass.cz\/wp-content\/uploads\/astera-malovani-2-600x450.jpg 600w, https:\/\/www.astera-glass.cz\/wp-content\/uploads\/astera-malovani-2-768x576.jpg 768w, https:\/\/www.astera-glass.cz\/wp-content\/uploads\/astera-malovani-2.jpg 1024w\" sizes=\"(max-width: 600px) 100vw, 600px\" \/>\t\t\t\t\t\t\t<div class=\"overlay\" style=\"background-color: rgba(0, 0, 0, 0.43)\"><\/div>\n\t\t\t\t\t\t\n\t\t\t\t\t<\/div>\n\t\t\t\t\t\t<\/a>\t\t\n<style>\n#image_920766761 {\n  width: 100%;\n}\n<\/style>\n\t<\/div>\n\t  <h3><a href=\"https:\/\/www.astera-glass.cz\/en\/malovani\/\" title=\"Painting\">Painting<\/a><\/h3><div class=\"morelink\"><\/div>\t\t<\/div>\n\t\t\t<\/div>\n\n\t\n\t<div id=\"col-1193529172\" class=\"col medium-3 small-6 large-3\"  >\n\t\t<div class=\"col-inner text-center\"  >\n\t\t\t\n\t\t\t\t<div class=\"img has-hover x md-x lg-x y md-y lg-y\" id=\"image_185880239\">\n\t\t<a class=\"\" href=\"https:\/\/www.astera-glass.cz\/en\/piskovani\/\"  >\t\t\t\t\t\t<div class=\"img-inner image-overlay-add image-cover dark\" style=\"padding-top:135%;\">\n\t\t\t<img width=\"600\" height=\"400\" src=\"https:\/\/www.astera-glass.cz\/wp-content\/uploads\/astera-piskovani-1-600x400.jpg\" class=\"attachment-medium size-medium\" alt=\"\" loading=\"lazy\" srcset=\"https:\/\/www.astera-glass.cz\/wp-content\/uploads\/astera-piskovani-1-600x400.jpg 600w, https:\/\/www.astera-glass.cz\/wp-content\/uploads\/astera-piskovani-1-768x512.jpg 768w, https:\/\/www.astera-glass.cz\/wp-content\/uploads\/astera-piskovani-1.jpg 1024w\" sizes=\"(max-width: 600px) 100vw, 600px\" \/>\t\t\t\t\t\t\t<div class=\"overlay\" style=\"background-color: rgba(0, 0, 0, 0.43)\"><\/div>\n\t\t\t\t\t\t\n\t\t\t\t\t<\/div>\n\t\t\t\t\t\t<\/a>\t\t\n<style>\n#image_185880239 {\n  width: 100%;\n}\n<\/style>\n\t<\/div>\n\t  <h3><a href=\"https:\/\/www.astera-glass.cz\/en\/piskovani\/\" title=\"Sanding\">Sanding<\/a><\/h3><div class=\"morelink\"><\/div>\t\t<\/div>\n\t\t\t<\/div>\n\n\t\n\t<div id=\"col-281598216\" class=\"col medium-3 small-6 large-3\"  >\n\t\t<div class=\"col-inner text-center\"  >\n\t\t\t\n\t\t\t\t<div class=\"img has-hover x md-x lg-x y md-y lg-y\" id=\"image_89386662\">\n\t\t<a class=\"\" href=\"https:\/\/www.astera-glass.cz\/en\/ryti\/\"  >\t\t\t\t\t\t<div class=\"img-inner image-overlay-add image-cover dark\" style=\"padding-top:135%;\">\n\t\t\t<img width=\"600\" height=\"450\" src=\"https:\/\/www.astera-glass.cz\/wp-content\/uploads\/astera-ryti-3-600x450.jpg\" class=\"attachment-medium size-medium\" alt=\"\" loading=\"lazy\" srcset=\"https:\/\/www.astera-glass.cz\/wp-content\/uploads\/astera-ryti-3-600x450.jpg 600w, https:\/\/www.astera-glass.cz\/wp-content\/uploads\/astera-ryti-3-768x576.jpg 768w, https:\/\/www.astera-glass.cz\/wp-content\/uploads\/astera-ryti-3.jpg 1024w\" sizes=\"(max-width: 600px) 100vw, 600px\" \/>\t\t\t\t\t\t\t<div class=\"overlay\" style=\"background-color: rgba(0, 0, 0, 0.43)\"><\/div>\n\t\t\t\t\t\t\n\t\t\t\t\t<\/div>\n\t\t\t\t\t\t<\/a>\t\t\n<style>\n#image_89386662 {\n  width: 100%;\n}\n<\/style>\n\t<\/div>\n\t  <h3><a href=\"https:\/\/www.astera-glass.cz\/en\/ryti\/\" title=\"Engraving\">Engraving<\/a><\/h3><div class=\"morelink\"><\/div>\t\t<\/div>\n\t\t\t<\/div>\n\n\t\n\t<div id=\"col-1208630145\" class=\"col medium-3 small-6 large-3\"  >\n\t\t<div class=\"col-inner text-center\"  >\n\t\t\t\n\t\t\t\t<div class=\"img has-hover x md-x lg-x y md-y lg-y\" id=\"image_755386243\">\n\t\t<a class=\"\" href=\"https:\/\/www.astera-glass.cz\/en\/rezani\/\"  >\t\t\t\t\t\t<div class=\"img-inner image-overlay-add image-cover dark\" style=\"padding-top:135%;\">\n\t\t\t<img width=\"600\" height=\"450\" src=\"https:\/\/www.astera-glass.cz\/wp-content\/uploads\/astera-rezani-4-600x450.jpg\" class=\"attachment-medium size-medium\" alt=\"\" loading=\"lazy\" srcset=\"https:\/\/www.astera-glass.cz\/wp-content\/uploads\/astera-rezani-4-600x450.jpg 600w, https:\/\/www.astera-glass.cz\/wp-content\/uploads\/astera-rezani-4-768x576.jpg 768w, https:\/\/www.astera-glass.cz\/wp-content\/uploads\/astera-rezani-4.jpg 1024w\" sizes=\"(max-width: 600px) 100vw, 600px\" \/>\t\t\t\t\t\t\t<div class=\"overlay\" style=\"background-color: rgba(0, 0, 0, 0.43)\"><\/div>\n\t\t\t\t\t\t\n\t\t\t\t\t<\/div>\n\t\t\t\t\t\t<\/a>\t\t\n<style>\n#image_755386243 {\n  width: 100%;\n}\n<\/style>\n\t<\/div>\n\t  <h3><a href=\"https:\/\/www.astera-glass.cz\/en\/rezani\/\" title=\"Cutting\">Cutting<\/a><\/h3><div class=\"morelink\"><\/div>\t\t<\/div>\n\t\t\t<\/div>\n\n\t\n\t<div id=\"col-1980128618\" class=\"col medium-3 small-6 large-3\"  >\n\t\t<div class=\"col-inner text-center\"  >\n\t\t\t\n\t\t\t\t<div class=\"img has-hover x md-x lg-x y md-y lg-y\" id=\"image_886764028\">\n\t\t<a class=\"\" href=\"https:\/\/www.astera-glass.cz\/en\/vodni-paprsek\/\"  >\t\t\t\t\t\t<div class=\"img-inner image-overlay-add image-cover dark\" style=\"padding-top:135%;\">\n\t\t\t<img width=\"600\" height=\"450\" src=\"https:\/\/www.astera-glass.cz\/wp-content\/uploads\/astera-vodni-paprsek-3-600x450.jpg\" class=\"attachment-medium size-medium\" alt=\"\" loading=\"lazy\" srcset=\"https:\/\/www.astera-glass.cz\/wp-content\/uploads\/astera-vodni-paprsek-3-600x450.jpg 600w, https:\/\/www.astera-glass.cz\/wp-content\/uploads\/astera-vodni-paprsek-3-768x576.jpg 768w, https:\/\/www.astera-glass.cz\/wp-content\/uploads\/astera-vodni-paprsek-3.jpg 1024w\" sizes=\"(max-width: 600px) 100vw, 600px\" \/>\t\t\t\t\t\t\t<div class=\"overlay\" style=\"background-color: rgba(0, 0, 0, 0.43)\"><\/div>\n\t\t\t\t\t\t\n\t\t\t\t\t<\/div>\n\t\t\t\t\t\t<\/a>\t\t\n<style>\n#image_886764028 {\n  width: 100%;\n}\n<\/style>\n\t<\/div>\n\t  <h3><a href=\"https:\/\/www.astera-glass.cz\/en\/vodni-paprsek\/\" title=\"Water jet\">Water jet<\/a><\/h3><div class=\"morelink\"><\/div>\t\t<\/div>\n\t\t\t<\/div>\n\n\t\n\t<div id=\"col-1839439070\" class=\"col medium-3 small-6 large-3\"  >\n\t\t<div class=\"col-inner text-center\"  >\n\t\t\t\n\t\t\t\t<div class=\"img has-hover x md-x lg-x y md-y lg-y\" id=\"image_373836993\">\n\t\t<a class=\"\" href=\"https:\/\/www.astera-glass.cz\/en\/vyroba-forem\/\"  >\t\t\t\t\t\t<div class=\"img-inner image-overlay-add image-cover dark\" style=\"padding-top:135%;\">\n\t\t\t<img width=\"450\" height=\"600\" src=\"https:\/\/www.astera-glass.cz\/wp-content\/uploads\/astera-p1120390-450x600.jpg\" class=\"attachment-medium size-medium\" alt=\"\" loading=\"lazy\" srcset=\"https:\/\/www.astera-glass.cz\/wp-content\/uploads\/astera-p1120390-450x600.jpg 450w, https:\/\/www.astera-glass.cz\/wp-content\/uploads\/astera-p1120390.jpg 576w\" sizes=\"(max-width: 450px) 100vw, 450px\" \/>\t\t\t\t\t\t\t<div class=\"overlay\" style=\"background-color: rgba(0, 0, 0, 0.43)\"><\/div>\n\t\t\t\t\t\t\n\t\t\t\t\t<\/div>\n\t\t\t\t\t\t<\/a>\t\t\n<style>\n#image_373836993 {\n  width: 100%;\n}\n<\/style>\n\t<\/div>\n\t  <h3><a href=\"https:\/\/www.astera-glass.cz\/en\/vyroba-forem\/\" title=\"Mould making\">Mould making<\/a><\/h3><div class=\"morelink\"><\/div>\t\t<\/div>\n\t\t\t<\/div>\n\n\t\n\t<div id=\"col-305596154\" class=\"col medium-3 small-6 large-3\"  >\n\t\t<div class=\"col-inner text-center\"  >\n\t\t\t\n\t\t\t\t<div class=\"img has-hover x md-x lg-x y md-y lg-y\" id=\"image_263076367\">\n\t\t<a class=\"\" href=\"https:\/\/www.astera-glass.cz\/en\/vyroba-darkovych-a-prepravnich-kartonu\/\"  >\t\t\t\t\t\t<div class=\"img-inner image-overlay-add image-cover dark\" style=\"padding-top:135%;\">\n\t\t\t<img width=\"600\" height=\"450\" src=\"https:\/\/www.astera-glass.cz\/wp-content\/uploads\/astera-vyroba-ratonu-13-600x450.jpg\" class=\"attachment-medium size-medium\" alt=\"\" loading=\"lazy\" srcset=\"https:\/\/www.astera-glass.cz\/wp-content\/uploads\/astera-vyroba-ratonu-13-600x450.jpg 600w, https:\/\/www.astera-glass.cz\/wp-content\/uploads\/astera-vyroba-ratonu-13-768x576.jpg 768w, https:\/\/www.astera-glass.cz\/wp-content\/uploads\/astera-vyroba-ratonu-13.jpg 1024w\" sizes=\"(max-width: 600px) 100vw, 600px\" \/>\t\t\t\t\t\t\t<div class=\"overlay\" style=\"background-color: rgba(0, 0, 0, 0.43)\"><\/div>\n\t\t\t\t\t\t\n\t\t\t\t\t<\/div>\n\t\t\t\t\t\t<\/a>\t\t\n<style>\n#image_263076367 {\n  width: 100%;\n}\n<\/style>\n\t<\/div>\n\t  <h3><a href=\"https:\/\/www.astera-glass.cz\/en\/vyroba-darkovych-a-prepravnich-kartonu\/\" title=\"Production of decorative and transport carton cases\">Production of decorative and transport carton cases<\/a><\/h3><div class=\"morelink\"><\/div>\t\t<\/div>\n\t\t\t<\/div>\n\n\t\n\t<div id=\"col-1641002785\" class=\"col medium-3 small-6 large-3\"  >\n\t\t<div class=\"col-inner text-center\"  >\n\t\t\t\n\t\t\t\t<div class=\"img has-hover x md-x lg-x y md-y lg-y\" id=\"image_1582051374\">\n\t\t<a class=\"\" href=\"https:\/\/www.astera-glass.cz\/en\/obtisky\/\"  >\t\t\t\t\t\t<div class=\"img-inner image-overlay-add image-cover dark\" style=\"padding-top:135%;\">\n\t\t\t<img width=\"600\" height=\"585\" src=\"https:\/\/www.astera-glass.cz\/wp-content\/uploads\/obtisky1-600x585.jpg\" class=\"attachment-medium size-medium\" alt=\"\" loading=\"lazy\" srcset=\"https:\/\/www.astera-glass.cz\/wp-content\/uploads\/obtisky1-600x585.jpg 600w, https:\/\/www.astera-glass.cz\/wp-content\/uploads\/obtisky1-768x749.jpg 768w, https:\/\/www.astera-glass.cz\/wp-content\/uploads\/obtisky1-60x60.jpg 60w, https:\/\/www.astera-glass.cz\/wp-content\/uploads\/obtisky1.jpg 987w\" sizes=\"(max-width: 600px) 100vw, 600px\" \/>\t\t\t\t\t\t\t<div class=\"overlay\" style=\"background-color: rgba(0, 0, 0, 0.43)\"><\/div>\n\t\t\t\t\t\t\n\t\t\t\t\t<\/div>\n\t\t\t\t\t\t<\/a>\t\t\n<style>\n#image_1582051374 {\n  width: 100%;\n}\n<\/style>\n\t<\/div>\n\t  <h3><a href=\"https:\/\/www.astera-glass.cz\/en\/obtisky\/\" title=\"Transfer pictures\">Transfer pictures<\/a><\/h3><div class=\"morelink\"><\/div>\t\t<\/div>\n\t\t\t<\/div>\n\n\t\n\t<div id=\"col-100605305\" class=\"col medium-3 small-6 large-3\"  >\n\t\t<div class=\"col-inner text-center\"  >\n\t\t\t\n\t\t\t\t<div class=\"img has-hover x md-x lg-x y md-y lg-y\" id=\"image_1476105059\">\n\t\t<a class=\"\" href=\"https:\/\/www.astera-glass.cz\/en\/opravy-stareho-skla\/\"  >\t\t\t\t\t\t<div class=\"img-inner image-overlay-add image-cover dark\" style=\"padding-top:135%;\">\n\t\t\t<img width=\"600\" height=\"450\" src=\"https:\/\/www.astera-glass.cz\/wp-content\/uploads\/opravystarehoskla1-600x450.jpg\" class=\"attachment-medium size-medium\" alt=\"\" loading=\"lazy\" srcset=\"https:\/\/www.astera-glass.cz\/wp-content\/uploads\/opravystarehoskla1-600x450.jpg 600w, https:\/\/www.astera-glass.cz\/wp-content\/uploads\/opravystarehoskla1-768x576.jpg 768w, https:\/\/www.astera-glass.cz\/wp-content\/uploads\/opravystarehoskla1.jpg 1300w\" sizes=\"(max-width: 600px) 100vw, 600px\" \/>\t\t\t\t\t\t\t<div class=\"overlay\" style=\"background-color: rgba(0, 0, 0, 0.43)\"><\/div>\n\t\t\t\t\t\t\n\t\t\t\t\t<\/div>\n\t\t\t\t\t\t<\/a>\t\t\n<style>\n#image_1476105059 {\n  width: 100%;\n}\n<\/style>\n\t<\/div>\n\t  <h3><a href=\"https:\/\/www.astera-glass.cz\/en\/opravy-stareho-skla\/\" title=\"Repairs of old glass\">Repairs of old glass<\/a><\/h3><div class=\"morelink\"><\/div>\t\t<\/div>\n\t\t\t<\/div>\n\n\t\n<\/div>\n","protected":false},"excerpt":{"rendered":"","protected":false},"author":1,"featured_media":0,"parent":0,"menu_order":2,"comment_status":"closed","ping_status":"closed","template":"","meta":[],"_links":{"self":[{"href":"https:\/\/www.astera-glass.cz\/en\/wp-json\/wp\/v2\/pages\/40"}],"collection":[{"href":"https:\/\/www.astera-glass.cz\/en\/wp-json\/wp\/v2\/pages"}],"about":[{"href":"https:\/\/www.astera-glass.cz\/en\/wp-json\/wp\/v2\/types\/page"}],"author":[{"embeddable":true,"href":"https:\/\/www.astera-glass.cz\/en\/wp-json\/wp\/v2\/users\/1"}],"replies":[{"embeddable":true,"href":"https:\/\/www.astera-glass.cz\/en\/wp-json\/wp\/v2\/comments?post=40"}],"version-history":[{"count":7,"href":"https:\/\/www.astera-glass.cz\/en\/wp-json\/wp\/v2\/pages\/40\/revisions"}],"predecessor-version":[{"id":2029,"href":"https:\/\/www.astera-glass.cz\/en\/wp-json\/wp\/v2\/pages\/40\/revisions\/2029"}],"wp:attachment":[{"href":"https:\/\/www.astera-glass.cz\/en\/wp-json\/wp\/v2\/media?parent=40"}],"curies":[{"name":"wp","href":"https:\/\/api.w.org\/{rel}","templated":true}]}}