{"id":1026,"date":"2021-12-18T00:05:10","date_gmt":"2021-12-17T23:05:10","guid":{"rendered":"https:\/\/www.astera-glass.cz\/muj-ucet\/"},"modified":"2021-12-18T00:05:10","modified_gmt":"2021-12-17T23:05:10","slug":"muj-ucet","status":"publish","type":"page","link":"https:\/\/www.astera-glass.cz\/en\/muj-ucet\/","title":{"rendered":"M\u016fj \u00fa\u010det"},"content":{"rendered":"[woocommerce_my_account]\n","protected":false},"excerpt":{"rendered":"","protected":false},"author":1,"featured_media":0,"parent":0,"menu_order":8,"comment_status":"closed","ping_status":"closed","template":"","meta":[],"_links":{"self":[{"href":"https:\/\/www.astera-glass.cz\/en\/wp-json\/wp\/v2\/pages\/1026"}],"collection":[{"href":"https:\/\/www.astera-glass.cz\/en\/wp-json\/wp\/v2\/pages"}],"about":[{"href":"https:\/\/www.astera-glass.cz\/en\/wp-json\/wp\/v2\/types\/page"}],"author":[{"embeddable":true,"href":"https:\/\/www.astera-glass.cz\/en\/wp-json\/wp\/v2\/users\/1"}],"replies":[{"embeddable":true,"href":"https:\/\/www.astera-glass.cz\/en\/wp-json\/wp\/v2\/comments?post=1026"}],"version-history":[{"count":0,"href":"https:\/\/www.astera-glass.cz\/en\/wp-json\/wp\/v2\/pages\/1026\/revisions"}],"wp:attachment":[{"href":"https:\/\/www.astera-glass.cz\/en\/wp-json\/wp\/v2\/media?parent=1026"}],"curies":[{"name":"wp","href":"https:\/\/api.w.org\/{rel}","templated":true}]}}